{"id":4638,"date":"2026-01-26T13:09:22","date_gmt":"2026-01-26T11:09:22","guid":{"rendered":"https:\/\/artxperience.net\/?post_type=product&#038;p=4638"},"modified":"2026-03-18T12:23:15","modified_gmt":"2026-03-18T10:23:15","slug":"johanna-debreczeni-henna-leppanen-ruukin-tangotehdas","status":"publish","type":"product","link":"https:\/\/artxperience.net\/en\/kauppa\/tuote\/johanna-debreczeni-henna-leppanen-ruukin-tangotehdas\/","title":{"rendered":"Johanna Debreczeni &#038; Henna Lepp\u00e4nen: Tango Hurmiolle"},"content":{"rendered":"<p>Johanna Debreczenin laulu ja Henna Lepp\u00e4sen harmonikka luovat upean tangoillan t\u00e4ynn\u00e4 tunnelmaa, jotka uppoavat suomalaisten syd\u00e4miin. Tangoja ymp\u00e4ri maailmaa.<\/p>\n<div class=\"x14z9mp xat24cr x1lziwak x1vvkbs xtlvy1s\">Johanna Debreczeni on suomalainen iskelm\u00e4laulaja, joka kruunattiin tangokuningattareksi Sein\u00e4joen Tangomarkkinoilla vuonna 2004.<\/div>\n<div class=\"x14z9mp xat24cr x1lziwak x1vvkbs xtlvy1s\">Henna Lepp\u00e4nen on teatterimuusikko ja harmonikkataiteilija. Henna tuo harmonikkamusiikin 2020-luvulle ja n\u00e4ytt\u00e4\u00e4, mihin kaikkeen soitin pystyy.<\/div>","protected":false},"excerpt":{"rendered":"<p>Johanna Debreczeni &amp; Henna Lepp\u00e4nen esitt\u00e4v\u00e4t tangoja eri puolilta maailmaa Ruukin Tangotehtaalla 20.9.2026!<\/p>","protected":false},"featured_media":4639,"template":"","meta":{"_acf_changed":false},"product_brand":[],"product_cat":[104],"product_tag":[],"class_list":{"0":"post-4638","1":"product","2":"type-product","3":"status-publish","4":"has-post-thumbnail","6":"product_cat-konsertit","8":"first","9":"instock","10":"virtual","11":"taxable","12":"purchasable","13":"product-type-event_ticket_manager"},"acf":[],"aioseo_notices":[],"_links":{"self":[{"href":"https:\/\/artxperience.net\/en\/wp-json\/wp\/v2\/product\/4638","targetHints":{"allow":["GET"]}}],"collection":[{"href":"https:\/\/artxperience.net\/en\/wp-json\/wp\/v2\/product"}],"about":[{"href":"https:\/\/artxperience.net\/en\/wp-json\/wp\/v2\/types\/product"}],"wp:featuredmedia":[{"embeddable":true,"href":"https:\/\/artxperience.net\/en\/wp-json\/wp\/v2\/media\/4639"}],"wp:attachment":[{"href":"https:\/\/artxperience.net\/en\/wp-json\/wp\/v2\/media?parent=4638"}],"wp:term":[{"taxonomy":"product_brand","embeddable":true,"href":"https:\/\/artxperience.net\/en\/wp-json\/wp\/v2\/product_brand?post=4638"},{"taxonomy":"product_cat","embeddable":true,"href":"https:\/\/artxperience.net\/en\/wp-json\/wp\/v2\/product_cat?post=4638"},{"taxonomy":"product_tag","embeddable":true,"href":"https:\/\/artxperience.net\/en\/wp-json\/wp\/v2\/product_tag?post=4638"}],"curies":[{"name":"wp","href":"https:\/\/api.w.org\/{rel}","templated":true}]}}