{"id":4634,"date":"2026-01-23T12:44:59","date_gmt":"2026-01-23T10:44:59","guid":{"rendered":"https:\/\/artxperience.net\/?post_type=product&#038;p=4634"},"modified":"2026-03-11T14:13:31","modified_gmt":"2026-03-11T12:13:31","slug":"lingonperry-tamjazz-quartet-ajaton","status":"publish","type":"product","link":"https:\/\/artxperience.net\/en\/kauppa\/tuote\/lingonperry-tamjazz-quartet-ajaton\/","title":{"rendered":"Lingonperry x TamJazz: Quartet Ajaton"},"content":{"rendered":"<p class=\"translation-block\"><strong>Quartet Ajaton<\/strong> is a group founded by singer <strong>Mia Simanainen<\/strong>, where highly innovative musicians from diverse backgrounds weave their skills together. The ensemble\u2019s enigmatic instrumentation is likely one of a kind in the entire world! More familiar, however, is found in the quartet\u2019s new program, which features iconic melodies from Finnish culture \u2013 tangos, Sibelius, folk tunes, and cattle calls resound, dance and rumble \u2013 the music glows and chills, setting the listener\u2019s blood in motion.<\/p>\n<p class=\"translation-block\">Quartet Ajaton is stylistically an independent trailblazer, and its ten-year journey culminates in 2026 with an album release and a record release tour organized by the Finnish Jazz Federation. The ensemble\u2019s third full-length album, <em>Fin<\/em>, highlights the music\u2019s Finnish roots fittingly during the Jazz in Finland 100 anniversary year. Following the earlier releases <em>Elixir<\/em> (Eclipse Music 2016) and <em>Early Music in the Latest Way<\/em> (Alba Records 2020), rules are made to be broken. The languages heard in the songs include Finnish, Swedish and English.<\/p>\n<p>Mia Simanainen \u2013 vocals<br \/>\nHenrik Sand\u00e5s \u2013 bandone\u00f3n<br \/>\nKari Ikonen \u2013 Moog synthesizer<br \/>\nAino Juutilainen \u2013 cello<\/p>\n<p>Doors open at 18:00.<br \/>\nIf you are a monthly Lingonperry subscriber or a TamJazz member, please pick the right ticket price from the ticket options!<br \/>\nThe ticket will be delivered as a pdf-file.<\/p>","protected":false},"excerpt":{"rendered":"<p>Jazz-konsertti ja -jamit, jotka Lingonperry ja TamJazz j\u00e4rjest\u00e4v\u00e4t yhdess\u00e4 Tampereen Ylioppilasteatterissa 4.5.2026!<\/p>","protected":false},"featured_media":4641,"template":"","meta":{"_acf_changed":false},"product_brand":[],"product_cat":[104,100],"product_tag":[],"class_list":{"0":"post-4634","1":"product","2":"type-product","3":"status-publish","4":"has-post-thumbnail","6":"product_cat-konsertit","7":"product_cat-lingonperry-liveklubi","9":"first","10":"instock","11":"virtual","12":"taxable","13":"purchasable","14":"product-type-event_ticket_manager"},"acf":[],"aioseo_notices":[],"_links":{"self":[{"href":"https:\/\/artxperience.net\/en\/wp-json\/wp\/v2\/product\/4634","targetHints":{"allow":["GET"]}}],"collection":[{"href":"https:\/\/artxperience.net\/en\/wp-json\/wp\/v2\/product"}],"about":[{"href":"https:\/\/artxperience.net\/en\/wp-json\/wp\/v2\/types\/product"}],"wp:featuredmedia":[{"embeddable":true,"href":"https:\/\/artxperience.net\/en\/wp-json\/wp\/v2\/media\/4641"}],"wp:attachment":[{"href":"https:\/\/artxperience.net\/en\/wp-json\/wp\/v2\/media?parent=4634"}],"wp:term":[{"taxonomy":"product_brand","embeddable":true,"href":"https:\/\/artxperience.net\/en\/wp-json\/wp\/v2\/product_brand?post=4634"},{"taxonomy":"product_cat","embeddable":true,"href":"https:\/\/artxperience.net\/en\/wp-json\/wp\/v2\/product_cat?post=4634"},{"taxonomy":"product_tag","embeddable":true,"href":"https:\/\/artxperience.net\/en\/wp-json\/wp\/v2\/product_tag?post=4634"}],"curies":[{"name":"wp","href":"https:\/\/api.w.org\/{rel}","templated":true}]}}