{"id":4599,"date":"2026-01-22T14:54:14","date_gmt":"2026-01-22T12:54:14","guid":{"rendered":"https:\/\/artxperience.net\/?post_type=product&#038;p=4599"},"modified":"2026-04-20T13:31:03","modified_gmt":"2026-04-20T10:31:03","slug":"martin-alvarado-vanha-123","status":"publish","type":"product","link":"https:\/\/artxperience.net\/en\/kauppa\/tuote\/martin-alvarado-vanha-123\/","title":{"rendered":"Mart\u00edn Alvarado &#038; Mikko Helenius: \u201eAs\u00ed es nuestro tango\u201c, Vanha 123"},"content":{"rendered":"<p>Mart\u00edn Alvarado is one of today's most significant interpreters of contemporary tango. He performs regularly around the world, captivating audiences with his magnificent voice and charismatic performances. Over the years, Finland has become almost a second home to Mart\u00edn, and he has collaborated extensively with leading Finnish musicians.<\/p>\n<p>His magnificent voice and emotional interpretation, combined with his captivating stage presence, have made Alvarado's live performances famous all over the world. Critics have praised him as one of the most significant tango singers of our time.<\/p>\n<p>Uusi albumi <em>Made in Helsinki<\/em> consists of Argentina and Finnish tangos plus some self-penned tunes with delicate arrangements and skilful and passionate instrumental and vocal performances.<\/p>\n<p>Mikko Helenius on maailmanluokan muusikko, sovittaja ja s\u00e4velt\u00e4j\u00e4, joka on tehnyt yhteisty\u00f6t\u00e4 joidenkin Suomen suosituimpien pop-artistien, kuten Tapani Kansan ja Arja Saijonmaan, kanssa. H\u00e4n on esiintynyt bandoneonistina yli 20 maassa ja sovittanut nykytangoa orkestereille useisiin maihin.<\/p>","protected":false},"excerpt":{"rendered":"<p>Mart\u00edn Alvaradon ja Mikko Heleniuksen levynjulkaisukiertueen keikka Vanha 123- kulttuuritilassa 29.4.2026!<\/p>","protected":false},"featured_media":4771,"template":"","meta":{"_acf_changed":false},"product_brand":[],"product_cat":[104],"product_tag":[],"class_list":{"0":"post-4599","1":"product","2":"type-product","3":"status-publish","4":"has-post-thumbnail","6":"product_cat-konsertit","8":"first","9":"instock","10":"virtual","11":"taxable","12":"purchasable","13":"product-type-event_ticket_manager"},"acf":[],"aioseo_notices":[],"_links":{"self":[{"href":"https:\/\/artxperience.net\/en\/wp-json\/wp\/v2\/product\/4599","targetHints":{"allow":["GET"]}}],"collection":[{"href":"https:\/\/artxperience.net\/en\/wp-json\/wp\/v2\/product"}],"about":[{"href":"https:\/\/artxperience.net\/en\/wp-json\/wp\/v2\/types\/product"}],"wp:featuredmedia":[{"embeddable":true,"href":"https:\/\/artxperience.net\/en\/wp-json\/wp\/v2\/media\/4771"}],"wp:attachment":[{"href":"https:\/\/artxperience.net\/en\/wp-json\/wp\/v2\/media?parent=4599"}],"wp:term":[{"taxonomy":"product_brand","embeddable":true,"href":"https:\/\/artxperience.net\/en\/wp-json\/wp\/v2\/product_brand?post=4599"},{"taxonomy":"product_cat","embeddable":true,"href":"https:\/\/artxperience.net\/en\/wp-json\/wp\/v2\/product_cat?post=4599"},{"taxonomy":"product_tag","embeddable":true,"href":"https:\/\/artxperience.net\/en\/wp-json\/wp\/v2\/product_tag?post=4599"}],"curies":[{"name":"wp","href":"https:\/\/api.w.org\/{rel}","templated":true}]}}