{"id":4472,"date":"2026-01-25T17:26:03","date_gmt":"2026-01-25T15:26:03","guid":{"rendered":"https:\/\/artxperience.net\/?post_type=product&#038;p=4472"},"modified":"2026-03-31T11:45:49","modified_gmt":"2026-03-31T08:45:49","slug":"kirsi-poutanen-esa-helasvuo-kuulin-kui-helizi-fado-ruukin-tangotehdas","status":"publish","type":"product","link":"https:\/\/artxperience.net\/en\/kauppa\/tuote\/kirsi-poutanen-esa-helasvuo-kuulin-kui-helizi-fado-ruukin-tangotehdas\/","title":{"rendered":"Kirsi Poutanen, Juha Lanu &#038; Esa Helasvuo: Kuulin Kui Helizi Fado"},"content":{"rendered":"<p>Intiimi ja sielukas konsertti, jossa kohtaavat Kirsi Poutasen koskettava portugalilainen fado ja pianisti-s\u00e4velt\u00e4j\u00e4 Esa Helasvuon s\u00e4vellykset Karjalan runonlauluperinnett\u00e4 uudistavassa hengess\u00e4. Kitaristi Juha Lanu t\u00e4ydent\u00e4\u00e4 trion. Konsertti s\u00e4ken\u00f6i musiikillista energiaa, joka lohduttaa, koskettaa ja yll\u00e4tt\u00e4\u00e4.<\/p>\n<p>Kirsi Poutanen on monialainen taiteilija, joka tunnetaan parhaiten portugalin fadoon erikoistuneena suomalaismuusikkona ja laulajana. H\u00e4n on ollut sek\u00e4 Emma-ehdokkaana Suomessa ett\u00e4 Premio do Am\u00e1lia -ehdokkaana Portugalissa.<\/p>\n<p>Poutanen julkaisi syksyll\u00e4 2025 uuden albuminsa <em>Kuulin Kui Helizi Fado &#8211; Lissabonin fadokujilta Karjalan laulumaille | From the Fado Alleys of Lisbon to the Karelian Songlands<\/em>. Albumi \u00e4\u00e4nitettiin Lissabonissa ja Suomessa yhteisty\u00f6ss\u00e4 portugalilaisten ja suomalaisten muusikoiden kanssa.<\/p>","protected":false},"excerpt":{"rendered":"<p>Kirsi Poutasen, Juha Lanun ja Esa Helasvuon intiimi ja sielukas fadokonsertti Ruukin Tangotehtaalla 17.5.2026!<\/p>","protected":false},"featured_media":4701,"template":"","meta":{"_acf_changed":false},"product_brand":[],"product_cat":[104],"product_tag":[],"class_list":{"0":"post-4472","1":"product","2":"type-product","3":"status-publish","4":"has-post-thumbnail","6":"product_cat-konsertit","8":"first","9":"instock","10":"virtual","11":"taxable","12":"purchasable","13":"product-type-event_ticket_manager"},"acf":[],"aioseo_notices":[],"_links":{"self":[{"href":"https:\/\/artxperience.net\/en\/wp-json\/wp\/v2\/product\/4472","targetHints":{"allow":["GET"]}}],"collection":[{"href":"https:\/\/artxperience.net\/en\/wp-json\/wp\/v2\/product"}],"about":[{"href":"https:\/\/artxperience.net\/en\/wp-json\/wp\/v2\/types\/product"}],"wp:featuredmedia":[{"embeddable":true,"href":"https:\/\/artxperience.net\/en\/wp-json\/wp\/v2\/media\/4701"}],"wp:attachment":[{"href":"https:\/\/artxperience.net\/en\/wp-json\/wp\/v2\/media?parent=4472"}],"wp:term":[{"taxonomy":"product_brand","embeddable":true,"href":"https:\/\/artxperience.net\/en\/wp-json\/wp\/v2\/product_brand?post=4472"},{"taxonomy":"product_cat","embeddable":true,"href":"https:\/\/artxperience.net\/en\/wp-json\/wp\/v2\/product_cat?post=4472"},{"taxonomy":"product_tag","embeddable":true,"href":"https:\/\/artxperience.net\/en\/wp-json\/wp\/v2\/product_tag?post=4472"}],"curies":[{"name":"wp","href":"https:\/\/api.w.org\/{rel}","templated":true}]}}