{"id":4454,"date":"2026-01-29T11:18:31","date_gmt":"2026-01-29T09:18:31","guid":{"rendered":"https:\/\/artxperience.net\/?post_type=product&#038;p=4454"},"modified":"2026-01-29T16:26:11","modified_gmt":"2026-01-29T14:26:11","slug":"lingonperry-lahjakortti-12kk","status":"publish","type":"product","link":"https:\/\/artxperience.net\/en\/kauppa\/tuote\/lingonperry-lahjakortti-12kk\/","title":{"rendered":"Lingonperry-lahjakortti 12 kk"},"content":{"rendered":"<p>Lingonperry-lahjakortti on loistava lahja kelle tahansa musiikkidiggarille tai artistille! T\u00e4m\u00e4 digitaalinen lahjakortti oikeuttaa 12 kuukauden ilmaiseen kuunteluaikaan sek\u00e4 <strong>Artist+<\/strong>-lis\u00e4palveluihin Lingonperry-alustalla. Jos <span style=\"font-weight: 400;\">lahjakortin saaja luo itselleen uuden tilin ja k\u00e4ytt\u00e4\u00e4 lahjakortin, saa h\u00e4n normaalin 1 kuukauden ilmaisjakson <strong>lis\u00e4ksi<\/strong> lahjakortin kuunteluajan. Ne eiv\u00e4t kumoa toisiaan.<\/span><\/p>\n<p><span style=\"font-weight: 400;\">Lahjakortin voi lunastaa toimittamalla siin\u00e4 olevan koodin Lingonperryn asiakaspalveluun. HUOM! Lahjakortti on voimassa 6 kk ostamisp\u00e4iv\u00e4m\u00e4\u00e4r\u00e4st\u00e4. Lahjakorttia ei voi muuttaa rahaksi.<\/span><\/p>","protected":false},"excerpt":{"rendered":"<p>Ilahduta yst\u00e4v\u00e4\u00e4 lahjakortilla, joka antaa 12 kuukaudeksi kuunteluaikaa Lingonperry-alustalla!<\/p>","protected":false},"featured_media":4464,"template":"","meta":{"_acf_changed":false},"product_brand":[],"product_cat":[105],"product_tag":[],"class_list":{"0":"post-4454","1":"product","2":"type-product","3":"status-publish","4":"has-post-thumbnail","6":"product_cat-lahjakortit","8":"first","9":"instock","10":"virtual","11":"taxable","12":"purchasable","13":"product-type-simple"},"acf":[],"aioseo_notices":[],"_links":{"self":[{"href":"https:\/\/artxperience.net\/en\/wp-json\/wp\/v2\/product\/4454","targetHints":{"allow":["GET"]}}],"collection":[{"href":"https:\/\/artxperience.net\/en\/wp-json\/wp\/v2\/product"}],"about":[{"href":"https:\/\/artxperience.net\/en\/wp-json\/wp\/v2\/types\/product"}],"wp:featuredmedia":[{"embeddable":true,"href":"https:\/\/artxperience.net\/en\/wp-json\/wp\/v2\/media\/4464"}],"wp:attachment":[{"href":"https:\/\/artxperience.net\/en\/wp-json\/wp\/v2\/media?parent=4454"}],"wp:term":[{"taxonomy":"product_brand","embeddable":true,"href":"https:\/\/artxperience.net\/en\/wp-json\/wp\/v2\/product_brand?post=4454"},{"taxonomy":"product_cat","embeddable":true,"href":"https:\/\/artxperience.net\/en\/wp-json\/wp\/v2\/product_cat?post=4454"},{"taxonomy":"product_tag","embeddable":true,"href":"https:\/\/artxperience.net\/en\/wp-json\/wp\/v2\/product_tag?post=4454"}],"curies":[{"name":"wp","href":"https:\/\/api.w.org\/{rel}","templated":true}]}}