{"id":884,"date":"2023-06-14T13:28:45","date_gmt":"2023-06-14T13:28:45","guid":{"rendered":"https:\/\/artxperience.net\/?page_id=884"},"modified":"2026-04-16T15:13:17","modified_gmt":"2026-04-16T12:13:17","slug":"etusivu","status":"publish","type":"page","link":"https:\/\/artxperience.net\/en\/","title":{"rendered":"Home"},"content":{"rendered":"\t\t<div data-elementor-type=\"wp-page\" data-elementor-id=\"884\" class=\"elementor elementor-884\" data-elementor-post-type=\"page\">\n\t\t\t\t<div class=\"elementor-element elementor-element-300f1ad e-con-full e-flex e-con e-parent\" data-id=\"300f1ad\" data-element_type=\"container\" data-e-type=\"container\" data-settings=\"{&quot;background_background&quot;:&quot;slideshow&quot;,&quot;background_slideshow_gallery&quot;:[{&quot;id&quot;:843,&quot;url&quot;:&quot;https:\\\/\\\/artxperience.net\\\/wp-content\\\/uploads\\\/2023\\\/05\\\/jhaavisto-3-1024x768-1.jpg&quot;},{&quot;id&quot;:1351,&quot;url&quot;:&quot;https:\\\/\\\/artxperience.net\\\/wp-content\\\/uploads\\\/2023\\\/06\\\/Martin-Alvarado_header.jpg&quot;},{&quot;id&quot;:1356,&quot;url&quot;:&quot;https:\\\/\\\/artxperience.net\\\/wp-content\\\/uploads\\\/2023\\\/06\\\/Beatriz_header.jpg&quot;},{&quot;id&quot;:1342,&quot;url&quot;:&quot;https:\\\/\\\/artxperience.net\\\/wp-content\\\/uploads\\\/2023\\\/06\\\/Masa_Orpana.jpg&quot;}],&quot;background_slideshow_loop&quot;:&quot;yes&quot;,&quot;background_slideshow_slide_duration&quot;:5000,&quot;background_slideshow_slide_transition&quot;:&quot;fade&quot;,&quot;background_slideshow_transition_duration&quot;:500}\">\n\t\t\t\t<div class=\"elementor-element elementor-element-3985c1c elementor-widget elementor-widget-heading\" data-id=\"3985c1c\" data-element_type=\"widget\" data-e-type=\"widget\" data-widget_type=\"heading.default\">\n\t\t\t\t<div class=\"elementor-widget-container\">\n\t\t\t\t\t<h1 class=\"elementor-heading-title elementor-size-default\">ArtXperience<\/h1>\t\t\t\t<\/div>\n\t\t\t\t<\/div>\n\t\t\t\t<div class=\"elementor-element elementor-element-0b96a13 elementor-widget elementor-widget-text-editor\" data-id=\"0b96a13\" data-element_type=\"widget\" data-e-type=\"widget\" data-widget_type=\"text-editor.default\">\n\t\t\t\t<div class=\"elementor-widget-container\">\n\t\t\t\t\t\t\t\t\t<p>ArtXperience on t\u00e4yden palvelun ohjelma- ja tapahtumatoimisto, joka tekee tilaisuudestanne ikimuistoisen juhlan.<\/p>\t\t\t\t\t\t\t\t<\/div>\n\t\t\t\t<\/div>\n\t\t\t\t<div class=\"elementor-element elementor-element-8f60e71 elementor-align-center elementor-widget elementor-widget-button\" data-id=\"8f60e71\" data-element_type=\"widget\" data-e-type=\"widget\" data-widget_type=\"button.default\">\n\t\t\t\t<div class=\"elementor-widget-container\">\n\t\t\t\t\t\t\t\t\t<div class=\"elementor-button-wrapper\">\n\t\t\t\t\t<a class=\"elementor-button elementor-button-link elementor-size-lg elementor-animation-shrink\" href=\"#ohjelmapalvelut\">\n\t\t\t\t\t\t<span class=\"elementor-button-content-wrapper\">\n\t\t\t\t\t\t<span class=\"elementor-button-icon\">\n\t\t\t\t<i aria-hidden=\"true\" class=\"fas fa-chevron-down\"><\/i>\t\t\t<\/span>\n\t\t\t\t\t\t\t\t\t<span class=\"elementor-button-text\">Lue lis\u00e4\u00e4<\/span>\n\t\t\t\t\t<\/span>\n\t\t\t\t\t<\/a>\n\t\t\t\t<\/div>\n\t\t\t\t\t\t\t\t<\/div>\n\t\t\t\t<\/div>\n\t\t\t\t<\/div>\n\t\t<div class=\"elementor-element elementor-element-c2f8148 e-flex e-con-boxed e-con e-parent\" data-id=\"c2f8148\" data-element_type=\"container\" data-e-type=\"container\" id=\"ohjelmapalvelut\">\n\t\t\t\t\t<div class=\"e-con-inner\">\n\t\t<div class=\"elementor-element elementor-element-27b07ce e-flex e-con-boxed e-con e-child\" data-id=\"27b07ce\" data-element_type=\"container\" data-e-type=\"container\">\n\t\t\t\t\t<div class=\"e-con-inner\">\n\t\t\t\t<div class=\"elementor-element elementor-element-7dc116e elementor-widget elementor-widget-heading\" data-id=\"7dc116e\" data-element_type=\"widget\" data-e-type=\"widget\" data-widget_type=\"heading.default\">\n\t\t\t\t<div class=\"elementor-widget-container\">\n\t\t\t\t\t<h2 class=\"elementor-heading-title elementor-size-default\">ArtX ohjelmapalvelut<\/h2>\t\t\t\t<\/div>\n\t\t\t\t<\/div>\n\t\t\t\t<div class=\"elementor-element elementor-element-f4553b1 elementor-widget elementor-widget-text-editor\" data-id=\"f4553b1\" data-element_type=\"widget\" data-e-type=\"widget\" data-widget_type=\"text-editor.default\">\n\t\t\t\t<div class=\"elementor-widget-container\">\n\t\t\t\t\t\t\t\t\t<p>ArtX Ohjelmapalveluiden repertuaari kattaa kaikki musiikin genret aina popista klassisen musiikin huippuartisteihin.<\/p>\n<p>Mit\u00e4 lempimusiikkisi onkaan, meilt\u00e4 l\u00f6yd\u00e4t sopivat artistit tilaisuuteenne. Mik\u00e4\u00e4n tyylilaji ei ole meille vieras, joten esit\u00e4 rohkeasti toiveesi ja me t\u00e4yt\u00e4mme ne! My\u00f6s kaikki muut tilaisuudessanne tarvittavat viihteen ammattilaiset l\u00f6ytyv\u00e4t meilt\u00e4.<\/p>\n<p>Juontajat, taikurit, stand-up artistit tai sirkustaiteilijat, kaikki toiveidenne mukaan, luotettavasti ja laadukkaasti.<\/p>\t\t\t\t\t\t\t\t<\/div>\n\t\t\t\t<\/div>\n\t\t\t\t<div class=\"elementor-element elementor-element-3b2b635 elementor-align-center elementor-widget elementor-widget-button\" data-id=\"3b2b635\" data-element_type=\"widget\" data-e-type=\"widget\" data-widget_type=\"button.default\">\n\t\t\t\t<div class=\"elementor-widget-container\">\n\t\t\t\t\t\t\t\t\t<div class=\"elementor-button-wrapper\">\n\t\t\t\t\t<a class=\"elementor-button elementor-button-link elementor-size-lg elementor-animation-shrink\" href=\"https:\/\/artxperience.net\/artistit\/\">\n\t\t\t\t\t\t<span class=\"elementor-button-content-wrapper\">\n\t\t\t\t\t\t\t\t\t<span class=\"elementor-button-text\">Katso artistit<\/span>\n\t\t\t\t\t<\/span>\n\t\t\t\t\t<\/a>\n\t\t\t\t<\/div>\n\t\t\t\t\t\t\t\t<\/div>\n\t\t\t\t<\/div>\n\t\t\t\t\t<\/div>\n\t\t\t\t<\/div>\n\t\t<div class=\"elementor-element elementor-element-3fc6f6e e-flex e-con-boxed e-con e-child\" data-id=\"3fc6f6e\" data-element_type=\"container\" data-e-type=\"container\">\n\t\t\t\t\t<div class=\"e-con-inner\">\n\t\t\t\t<div class=\"elementor-element elementor-element-ecc1e16 elementor-widget elementor-widget-image\" data-id=\"ecc1e16\" data-element_type=\"widget\" data-e-type=\"widget\" data-widget_type=\"image.default\">\n\t\t\t\t<div class=\"elementor-widget-container\">\n\t\t\t\t\t\t\t\t\t\t\t\t\t\t\t<img fetchpriority=\"high\" decoding=\"async\" width=\"800\" height=\"671\" src=\"https:\/\/artxperience.net\/wp-content\/uploads\/2023\/06\/violin.webp\" class=\"attachment-large size-large wp-image-1543\" alt=\"A violin\" srcset=\"https:\/\/artxperience.net\/wp-content\/uploads\/2023\/06\/violin.webp 940w, https:\/\/artxperience.net\/wp-content\/uploads\/2023\/06\/violin-300x251.webp 300w, https:\/\/artxperience.net\/wp-content\/uploads\/2023\/06\/violin-600x503.webp 600w, https:\/\/artxperience.net\/wp-content\/uploads\/2023\/06\/violin-768x644.webp 768w\" sizes=\"(max-width: 800px) 100vw, 800px\" \/>\t\t\t\t\t\t\t\t\t\t\t\t\t\t\t<\/div>\n\t\t\t\t<\/div>\n\t\t\t\t\t<\/div>\n\t\t\t\t<\/div>\n\t\t\t\t\t<\/div>\n\t\t\t\t<\/div>\n\t\t<div class=\"elementor-element elementor-element-6b58e46 e-flex e-con-boxed e-con e-parent\" data-id=\"6b58e46\" data-element_type=\"container\" data-e-type=\"container\">\n\t\t\t\t\t<div class=\"e-con-inner\">\n\t\t<div class=\"elementor-element elementor-element-baa6fc3 e-flex e-con-boxed e-con e-child\" data-id=\"baa6fc3\" data-element_type=\"container\" data-e-type=\"container\">\n\t\t\t\t\t<div class=\"e-con-inner\">\n\t\t\t\t<div class=\"elementor-element elementor-element-0a9f7b0 elementor-widget elementor-widget-image\" data-id=\"0a9f7b0\" data-element_type=\"widget\" data-e-type=\"widget\" data-widget_type=\"image.default\">\n\t\t\t\t<div class=\"elementor-widget-container\">\n\t\t\t\t\t\t\t\t\t\t\t\t\t\t\t<img decoding=\"async\" width=\"800\" height=\"564\" src=\"https:\/\/artxperience.net\/wp-content\/uploads\/2023\/06\/konsertti-e1687440978787-1024x722.webp\" class=\"attachment-large size-large wp-image-1544\" alt=\"A concert with a big crowd and colorful lights\" srcset=\"https:\/\/artxperience.net\/wp-content\/uploads\/2023\/06\/konsertti-e1687440978787-1024x722.webp 1024w, https:\/\/artxperience.net\/wp-content\/uploads\/2023\/06\/konsertti-e1687440978787-300x211.webp 300w, https:\/\/artxperience.net\/wp-content\/uploads\/2023\/06\/konsertti-e1687440978787-600x423.webp 600w, https:\/\/artxperience.net\/wp-content\/uploads\/2023\/06\/konsertti-e1687440978787-768x541.webp 768w, https:\/\/artxperience.net\/wp-content\/uploads\/2023\/06\/konsertti-e1687440978787.webp 1415w\" sizes=\"(max-width: 800px) 100vw, 800px\" \/>\t\t\t\t\t\t\t\t\t\t\t\t\t\t\t<\/div>\n\t\t\t\t<\/div>\n\t\t\t\t\t<\/div>\n\t\t\t\t<\/div>\n\t\t<div class=\"elementor-element elementor-element-c795856 e-flex e-con-boxed e-con e-child\" data-id=\"c795856\" data-element_type=\"container\" data-e-type=\"container\">\n\t\t\t\t\t<div class=\"e-con-inner\">\n\t\t\t\t<div class=\"elementor-element elementor-element-10e5537 elementor-widget elementor-widget-heading\" data-id=\"10e5537\" data-element_type=\"widget\" data-e-type=\"widget\" data-widget_type=\"heading.default\">\n\t\t\t\t<div class=\"elementor-widget-container\">\n\t\t\t\t\t<h2 class=\"elementor-heading-title elementor-size-default\">ArtX tapahtumapalvelut<\/h2>\t\t\t\t<\/div>\n\t\t\t\t<\/div>\n\t\t\t\t<div class=\"elementor-element elementor-element-94c08c8 elementor-widget elementor-widget-text-editor\" data-id=\"94c08c8\" data-element_type=\"widget\" data-e-type=\"widget\" data-widget_type=\"text-editor.default\">\n\t\t\t\t<div class=\"elementor-widget-container\">\n\t\t\t\t\t\t\t\t\t<p>ArtX Tapahtumapalvelut tarjoaa monipuolisia palveluita eri kokoisten tilaisuuksien, tapahtumien, juhlien ja festivaalien suunnittelussa ja toteutuksessa, niin yritys-, kuin yksityissektorilla.<\/p><p>Intohimomme on tilaisuuden sujuvuus, laadukkuus ja juuri teid\u00e4n tapahtumaanne sopivaksi r\u00e4\u00e4t\u00e4l\u00f6idyn huippulaatuisen sis\u00e4ll\u00f6n tarjoaminen. Voimme tarvittaessa suunnitella ja toteuttaa koko tapahtuman avaimet k\u00e4teen periaatteella luotettavasti ja aina toiveidenne mukaisesti.<\/p><p>My\u00f6s online-tapahtumien suunnittelu ja toteutus kuuluvat palveluihimme. Voimme muokata tilaisuuden kuin tilaisuuden my\u00f6s et\u00e4tapahtumaksi, samoilla tinkim\u00e4tt\u00f6mill\u00e4 laatukriteereill\u00e4, joita tarjoamme live-tapahtumissakin.<\/p>\t\t\t\t\t\t\t\t<\/div>\n\t\t\t\t<\/div>\n\t\t\t\t<div class=\"elementor-element elementor-element-361f6b6 elementor-align-center elementor-widget elementor-widget-button\" data-id=\"361f6b6\" data-element_type=\"widget\" data-e-type=\"widget\" data-widget_type=\"button.default\">\n\t\t\t\t<div class=\"elementor-widget-container\">\n\t\t\t\t\t\t\t\t\t<div class=\"elementor-button-wrapper\">\n\t\t\t\t\t<a class=\"elementor-button elementor-button-link elementor-size-lg elementor-animation-shrink\" href=\"https:\/\/artxperience.net\/yhteydenotto\/\">\n\t\t\t\t\t\t<span class=\"elementor-button-content-wrapper\">\n\t\t\t\t\t\t\t\t\t<span class=\"elementor-button-text\">Ota yhteytt\u00e4<\/span>\n\t\t\t\t\t<\/span>\n\t\t\t\t\t<\/a>\n\t\t\t\t<\/div>\n\t\t\t\t\t\t\t\t<\/div>\n\t\t\t\t<\/div>\n\t\t\t\t\t<\/div>\n\t\t\t\t<\/div>\n\t\t\t\t\t<\/div>\n\t\t\t\t<\/div>\n\t\t<div class=\"elementor-element elementor-element-573c092 e-flex e-con-boxed e-con e-parent\" data-id=\"573c092\" data-element_type=\"container\" data-e-type=\"container\">\n\t\t\t\t\t<div class=\"e-con-inner\">\n\t\t<div class=\"elementor-element elementor-element-7f68a41 e-flex e-con-boxed e-con e-child\" data-id=\"7f68a41\" data-element_type=\"container\" data-e-type=\"container\">\n\t\t\t\t\t<div class=\"e-con-inner\">\n\t\t\t\t<div class=\"elementor-element elementor-element-f82ad08 elementor-widget elementor-widget-heading\" data-id=\"f82ad08\" data-element_type=\"widget\" data-e-type=\"widget\" data-widget_type=\"heading.default\">\n\t\t\t\t<div class=\"elementor-widget-container\">\n\t\t\t\t\t<h2 class=\"elementor-heading-title elementor-size-default\">ArtX Management<\/h2>\t\t\t\t<\/div>\n\t\t\t\t<\/div>\n\t\t\t\t<div class=\"elementor-element elementor-element-c633908 elementor-widget elementor-widget-text-editor\" data-id=\"c633908\" data-element_type=\"widget\" data-e-type=\"widget\" data-widget_type=\"text-editor.default\">\n\t\t\t\t<div class=\"elementor-widget-container\">\n\t\t\t\t\t\t\t\t\t<p>ArtX Management tarjoaa artisteille henkil\u00f6kohtaisia manageripalveluita. <br \/>Ota yhteytt\u00e4, niin r\u00e4\u00e4t\u00e4l\u00f6id\u00e4\u00e4n sinulle sopiva palvelupaketti.<\/p>\t\t\t\t\t\t\t\t<\/div>\n\t\t\t\t<\/div>\n\t\t\t\t<div class=\"elementor-element elementor-element-4605918 elementor-align-center elementor-widget elementor-widget-button\" data-id=\"4605918\" data-element_type=\"widget\" data-e-type=\"widget\" data-widget_type=\"button.default\">\n\t\t\t\t<div class=\"elementor-widget-container\">\n\t\t\t\t\t\t\t\t\t<div class=\"elementor-button-wrapper\">\n\t\t\t\t\t<a class=\"elementor-button elementor-button-link elementor-size-lg elementor-animation-shrink\" href=\"https:\/\/artxperience.net\/yhteydenotto\/\">\n\t\t\t\t\t\t<span class=\"elementor-button-content-wrapper\">\n\t\t\t\t\t\t\t\t\t<span class=\"elementor-button-text\">Ota yhteytt\u00e4<\/span>\n\t\t\t\t\t<\/span>\n\t\t\t\t\t<\/a>\n\t\t\t\t<\/div>\n\t\t\t\t\t\t\t\t<\/div>\n\t\t\t\t<\/div>\n\t\t\t\t\t<\/div>\n\t\t\t\t<\/div>\n\t\t<div class=\"elementor-element elementor-element-fde33a3 e-flex e-con-boxed e-con e-child\" data-id=\"fde33a3\" data-element_type=\"container\" data-e-type=\"container\">\n\t\t\t\t\t<div class=\"e-con-inner\">\n\t\t<div class=\"elementor-element elementor-element-1ab3e54 e-con-full e-flex e-con e-child\" data-id=\"1ab3e54\" data-element_type=\"container\" data-e-type=\"container\" data-settings=\"{&quot;background_background&quot;:&quot;slideshow&quot;,&quot;background_slideshow_gallery&quot;:[{&quot;id&quot;:843,&quot;url&quot;:&quot;https:\\\/\\\/artxperience.net\\\/wp-content\\\/uploads\\\/2023\\\/05\\\/jhaavisto-3-1024x768-1.jpg&quot;},{&quot;id&quot;:1351,&quot;url&quot;:&quot;https:\\\/\\\/artxperience.net\\\/wp-content\\\/uploads\\\/2023\\\/06\\\/Martin-Alvarado_header.jpg&quot;},{&quot;id&quot;:1356,&quot;url&quot;:&quot;https:\\\/\\\/artxperience.net\\\/wp-content\\\/uploads\\\/2023\\\/06\\\/Beatriz_header-e1693382631597.jpg&quot;},{&quot;id&quot;:1342,&quot;url&quot;:&quot;https:\\\/\\\/artxperience.net\\\/wp-content\\\/uploads\\\/2023\\\/06\\\/Masa_Orpana.jpg&quot;},{&quot;id&quot;:3054,&quot;url&quot;:&quot;https:\\\/\\\/artxperience.net\\\/wp-content\\\/uploads\\\/2024\\\/05\\\/promo-2.jpg&quot;},{&quot;id&quot;:2682,&quot;url&quot;:&quot;https:\\\/\\\/artxperience.net\\\/wp-content\\\/uploads\\\/2024\\\/03\\\/IMG_6718_081846-scaled.jpeg&quot;},{&quot;id&quot;:2415,&quot;url&quot;:&quot;https:\\\/\\\/artxperience.net\\\/wp-content\\\/uploads\\\/2024\\\/01\\\/pascal-2.jpg&quot;},{&quot;id&quot;:2427,&quot;url&quot;:&quot;https:\\\/\\\/artxperience.net\\\/wp-content\\\/uploads\\\/2024\\\/01\\\/Linda-profiili.jpg&quot;},{&quot;id&quot;:2404,&quot;url&quot;:&quot;https:\\\/\\\/artxperience.net\\\/wp-content\\\/uploads\\\/2024\\\/01\\\/Peter-Joukainen.jpg&quot;},{&quot;id&quot;:1952,&quot;url&quot;:&quot;https:\\\/\\\/artxperience.net\\\/wp-content\\\/uploads\\\/2023\\\/11\\\/12.-Kirsi-Poutanen_kuva-4_scaled.jpg&quot;},{&quot;id&quot;:2001,&quot;url&quot;:&quot;https:\\\/\\\/artxperience.net\\\/wp-content\\\/uploads\\\/2023\\\/08\\\/Mantyla_19-01-05_146_faceonly.jpg&quot;},{&quot;id&quot;:1349,&quot;url&quot;:&quot;https:\\\/\\\/artxperience.net\\\/wp-content\\\/uploads\\\/2023\\\/06\\\/tuure_slider1.jpg&quot;},{&quot;id&quot;:1344,&quot;url&quot;:&quot;https:\\\/\\\/artxperience.net\\\/wp-content\\\/uploads\\\/2023\\\/06\\\/Henrik-Sandas_2.jpg&quot;},{&quot;id&quot;:1353,&quot;url&quot;:&quot;https:\\\/\\\/artxperience.net\\\/wp-content\\\/uploads\\\/2023\\\/06\\\/Ismaila_header-e1693570318567.jpg&quot;},{&quot;id&quot;:1942,&quot;url&quot;:&quot;https:\\\/\\\/artxperience.net\\\/wp-content\\\/uploads\\\/2023\\\/11\\\/Janne-Mertanen_IMG_20551-1080.jpg&quot;}],&quot;background_slideshow_loop&quot;:&quot;yes&quot;,&quot;background_slideshow_slide_duration&quot;:5000,&quot;background_slideshow_slide_transition&quot;:&quot;fade&quot;,&quot;background_slideshow_transition_duration&quot;:500}\">\n\t\t\t\t<\/div>\n\t\t\t\t\t<\/div>\n\t\t\t\t<\/div>\n\t\t\t\t\t<\/div>\n\t\t\t\t<\/div>\n\t\t<div class=\"elementor-element elementor-element-eeaab71 e-flex e-con-boxed elementor-invisible e-con e-parent\" data-id=\"eeaab71\" data-element_type=\"container\" data-e-type=\"container\" data-settings=\"{&quot;animation&quot;:&quot;fadeIn&quot;,&quot;background_background&quot;:&quot;classic&quot;}\">\n\t\t\t\t\t<div class=\"e-con-inner\">\n\t\t<div class=\"elementor-element elementor-element-3a390bc e-flex e-con-boxed e-con e-child\" data-id=\"3a390bc\" data-element_type=\"container\" data-e-type=\"container\">\n\t\t\t\t\t<div class=\"e-con-inner\">\n\t\t\t\t<div class=\"elementor-element elementor-element-b77e6bc elementor-widget elementor-widget-image\" data-id=\"b77e6bc\" data-element_type=\"widget\" data-e-type=\"widget\" data-widget_type=\"image.default\">\n\t\t\t\t<div class=\"elementor-widget-container\">\n\t\t\t\t\t\t\t\t\t\t\t\t\t\t\t<img decoding=\"async\" width=\"768\" height=\"329\" src=\"https:\/\/artxperience.net\/wp-content\/uploads\/2025\/07\/RadioInto_logo_25_web_rgb-wht-768x329.png\" class=\"attachment-medium_large size-medium_large wp-image-3803\" alt=\"Radio Into logo\" srcset=\"https:\/\/artxperience.net\/wp-content\/uploads\/2025\/07\/RadioInto_logo_25_web_rgb-wht-768x329.png.webp 768w, https:\/\/artxperience.net\/wp-content\/uploads\/2025\/07\/RadioInto_logo_25_web_rgb-wht-300x129.png.webp 300w, https:\/\/artxperience.net\/wp-content\/uploads\/2025\/07\/RadioInto_logo_25_web_rgb-wht-600x257.png.webp 600w, https:\/\/artxperience.net\/wp-content\/uploads\/2025\/07\/RadioInto_logo_25_web_rgb-wht-1024x439.png.webp 1024w, https:\/\/artxperience.net\/wp-content\/uploads\/2025\/07\/RadioInto_logo_25_web_rgb-wht-1536x658.png.webp 1536w, https:\/\/artxperience.net\/wp-content\/uploads\/2025\/07\/RadioInto_logo_25_web_rgb-wht-2048x878.png.webp 2048w, https:\/\/artxperience.net\/wp-content\/uploads\/2025\/07\/RadioInto_logo_25_web_rgb-wht-18x8.png.webp 18w\" sizes=\"(max-width: 768px) 100vw, 768px\" \/>\t\t\t\t\t\t\t\t\t\t\t\t\t\t\t<\/div>\n\t\t\t\t<\/div>\n\t\t<div class=\"elementor-element elementor-element-cb0cf17 e-flex e-con-boxed e-con e-child\" data-id=\"cb0cf17\" data-element_type=\"container\" data-e-type=\"container\">\n\t\t\t\t\t<div class=\"e-con-inner\">\n\t\t<div class=\"elementor-element elementor-element-6a09299 e-con-full e-flex e-con e-child\" data-id=\"6a09299\" data-element_type=\"container\" data-e-type=\"container\">\n\t\t\t\t<\/div>\n\t\t<div class=\"elementor-element elementor-element-df3bcaf e-con-full e-flex e-con e-child\" data-id=\"df3bcaf\" data-element_type=\"container\" data-e-type=\"container\">\n\t\t\t\t<div class=\"elementor-element elementor-element-29a7d71 elementor-widget__width-inherit elementor-widget elementor-widget-html\" data-id=\"29a7d71\" data-element_type=\"widget\" data-e-type=\"widget\" data-widget_type=\"html.default\">\n\t\t\t\t<div class=\"elementor-widget-container\">\n\t\t\t\t\t<script src=\"https:\/\/embed.radio.co\/player\/ea66250.js\"><\/script>\t\t\t\t<\/div>\n\t\t\t\t<\/div>\n\t\t\t\t<\/div>\n\t\t<div class=\"elementor-element elementor-element-c2d994b e-con-full e-flex e-con e-child\" data-id=\"c2d994b\" data-element_type=\"container\" data-e-type=\"container\">\n\t\t\t\t<\/div>\n\t\t\t\t\t<\/div>\n\t\t\t\t<\/div>\n\t\t\t\t<div class=\"elementor-element elementor-element-f19f488 elementor-widget elementor-widget-text-editor\" data-id=\"f19f488\" data-element_type=\"widget\" data-e-type=\"widget\" data-widget_type=\"text-editor.default\">\n\t\t\t\t<div class=\"elementor-widget-container\">\n\t\t\t\t\t\t\t\t\t<p>Radio Into, Se Suomen Indein radiokanava, tuo sinulle uudet artistit, b\u00e4ndit ja uudet tulevaisuuden biisit yhteisty\u00f6ss\u00e4 ArtXperience- ja Lingonperry-palveluiden kanssa.<\/p>\t\t\t\t\t\t\t\t<\/div>\n\t\t\t\t<\/div>\n\t\t\t\t\t<\/div>\n\t\t\t\t<\/div>\n\t\t\t\t\t<\/div>\n\t\t\t\t<\/div>\n\t\t\t\t<\/div>\n\t\t","protected":false},"excerpt":{"rendered":"<p>ArtXperience ArtXperience on t\u00e4yden palvelun ohjelma- ja tapahtumatoimisto, joka tekee tilaisuudestanne ikimuistoisen juhlan. Lue lis\u00e4\u00e4 ArtX ohjelmapalvelut ArtX Ohjelmapalveluiden repertuaari kattaa kaikki musiikin genret aina popista klassisen musiikin huippuartisteihin. Mit\u00e4 lempimusiikkisi onkaan, meilt\u00e4 l\u00f6yd\u00e4t sopivat artistit tilaisuuteenne. Mik\u00e4\u00e4n tyylilaji ei ole meille vieras, joten esit\u00e4 rohkeasti toiveesi ja me t\u00e4yt\u00e4mme ne! My\u00f6s kaikki muut tilaisuudessanne [&hellip;]<\/p>\n","protected":false},"author":14,"featured_media":0,"parent":0,"menu_order":0,"comment_status":"closed","ping_status":"closed","template":"","meta":{"_acf_changed":false,"footnotes":""},"class_list":["post-884","page","type-page","status-publish","hentry"],"acf":[],"aioseo_notices":[],"_links":{"self":[{"href":"https:\/\/artxperience.net\/en\/wp-json\/wp\/v2\/pages\/884","targetHints":{"allow":["GET"]}}],"collection":[{"href":"https:\/\/artxperience.net\/en\/wp-json\/wp\/v2\/pages"}],"about":[{"href":"https:\/\/artxperience.net\/en\/wp-json\/wp\/v2\/types\/page"}],"author":[{"embeddable":true,"href":"https:\/\/artxperience.net\/en\/wp-json\/wp\/v2\/users\/14"}],"replies":[{"embeddable":true,"href":"https:\/\/artxperience.net\/en\/wp-json\/wp\/v2\/comments?post=884"}],"version-history":[{"count":90,"href":"https:\/\/artxperience.net\/en\/wp-json\/wp\/v2\/pages\/884\/revisions"}],"predecessor-version":[{"id":4759,"href":"https:\/\/artxperience.net\/en\/wp-json\/wp\/v2\/pages\/884\/revisions\/4759"}],"wp:attachment":[{"href":"https:\/\/artxperience.net\/en\/wp-json\/wp\/v2\/media?parent=884"}],"curies":[{"name":"wp","href":"https:\/\/api.w.org\/{rel}","templated":true}]}}