{"id":2007,"date":"2023-11-22T11:16:00","date_gmt":"2023-11-22T09:16:00","guid":{"rendered":"https:\/\/artxperience.net\/?page_id=2007"},"modified":"2026-04-27T12:50:39","modified_gmt":"2026-04-27T09:50:39","slug":"ajankohtaista","status":"publish","type":"page","link":"https:\/\/artxperience.net\/en\/ajankohtaista\/","title":{"rendered":"News"},"content":{"rendered":"<div data-elementor-type=\"wp-page\" data-elementor-id=\"2007\" class=\"elementor elementor-2007\" data-elementor-post-type=\"page\">\n\t\t\t\t<div class=\"elementor-element elementor-element-c4a857e e-flex e-con-boxed e-con e-parent\" data-id=\"c4a857e\" data-element_type=\"container\" data-e-type=\"container\" data-settings=\"{&quot;background_background&quot;:&quot;classic&quot;}\">\n\t\t\t\t\t<div class=\"e-con-inner\">\n\t\t\t\t\t<\/div>\n\t\t\t\t<\/div>\n\t\t\t\t<\/div>","protected":false},"excerpt":{"rendered":"<p>Mart\u00edn Alvarado palaa Suomeen kiertueella Maailmankuulu argentiinalainen tangolaulaja Mart\u00edn Alvarado palaa Suomeen 59. kansainv\u00e4lisell\u00e4 soolokiertueellaan. Astor Piazzollan legendaarinen laulaja H\u00e9ctor de Rosas on kuvannut Alvaradoa \u201dBuenos Airesin parhaaksi \u00e4\u00e4neksi\u201d, ja brittil\u00e4inen media on ylist\u00e4nyt h\u00e4nt\u00e4 \u201d21. vuosisadan tangon \u00e4\u00e4neksi\u201d. Alvarado on yksi Argentiinan merkitt\u00e4vimmist\u00e4 nykyajan tangolaulajista ja yksi genren historian parhaista laulajista. Liput Mart\u00ednin konsertteihin [&hellip;]<\/p>\n","protected":false},"author":12,"featured_media":0,"parent":0,"menu_order":0,"comment_status":"closed","ping_status":"closed","template":"","meta":{"_acf_changed":false,"footnotes":""},"class_list":["post-2007","page","type-page","status-publish","hentry"],"acf":[],"aioseo_notices":[],"_links":{"self":[{"href":"https:\/\/artxperience.net\/en\/wp-json\/wp\/v2\/pages\/2007","targetHints":{"allow":["GET"]}}],"collection":[{"href":"https:\/\/artxperience.net\/en\/wp-json\/wp\/v2\/pages"}],"about":[{"href":"https:\/\/artxperience.net\/en\/wp-json\/wp\/v2\/types\/page"}],"author":[{"embeddable":true,"href":"https:\/\/artxperience.net\/en\/wp-json\/wp\/v2\/users\/12"}],"replies":[{"embeddable":true,"href":"https:\/\/artxperience.net\/en\/wp-json\/wp\/v2\/comments?post=2007"}],"version-history":[{"count":202,"href":"https:\/\/artxperience.net\/en\/wp-json\/wp\/v2\/pages\/2007\/revisions"}],"predecessor-version":[{"id":4802,"href":"https:\/\/artxperience.net\/en\/wp-json\/wp\/v2\/pages\/2007\/revisions\/4802"}],"wp:attachment":[{"href":"https:\/\/artxperience.net\/en\/wp-json\/wp\/v2\/media?parent=2007"}],"curies":[{"name":"wp","href":"https:\/\/api.w.org\/{rel}","templated":true}]}}