{"id":1131,"date":"2023-06-19T10:05:33","date_gmt":"2023-06-19T10:05:33","guid":{"rendered":"https:\/\/artxperience.net\/?page_id=1131"},"modified":"2025-02-24T14:52:25","modified_gmt":"2025-02-24T12:52:25","slug":"yhteydenotto","status":"publish","type":"page","link":"https:\/\/artxperience.net\/en\/yhteydenotto\/","title":{"rendered":"Contact"},"content":{"rendered":"\t\t<div data-elementor-type=\"wp-page\" data-elementor-id=\"1131\" class=\"elementor elementor-1131\" data-elementor-post-type=\"page\">\n\t\t\t\t<div class=\"elementor-element elementor-element-6c23439 e-flex e-con-boxed e-con e-parent\" data-id=\"6c23439\" data-element_type=\"container\" data-e-type=\"container\" data-settings=\"{&quot;background_background&quot;:&quot;classic&quot;}\">\n\t\t\t\t\t<div class=\"e-con-inner\">\n\t\t\t\t<div class=\"elementor-element elementor-element-ebe7f66 elementor-align-center elementor-widget elementor-widget-button\" data-id=\"ebe7f66\" data-element_type=\"widget\" data-e-type=\"widget\" data-widget_type=\"button.default\">\n\t\t\t\t<div class=\"elementor-widget-container\">\n\t\t\t\t\t\t\t\t\t<div class=\"elementor-button-wrapper\">\n\t\t\t\t\t<a class=\"elementor-button elementor-button-link elementor-size-xl\" href=\"#form-container\">\n\t\t\t\t\t\t<span class=\"elementor-button-content-wrapper\">\n\t\t\t\t\t\t<span class=\"elementor-button-icon\">\n\t\t\t\t<i aria-hidden=\"true\" class=\"fas fa-chevron-down\"><\/i>\t\t\t<\/span>\n\t\t\t\t\t\t\t\t\t<span class=\"elementor-button-text\">Ota yhteytt\u00e4<\/span>\n\t\t\t\t\t<\/span>\n\t\t\t\t\t<\/a>\n\t\t\t\t<\/div>\n\t\t\t\t\t\t\t\t<\/div>\n\t\t\t\t<\/div>\n\t\t\t\t\t<\/div>\n\t\t\t\t<\/div>\n\t\t<div class=\"elementor-element elementor-element-4593f94 e-flex e-con-boxed e-con e-parent\" data-id=\"4593f94\" data-element_type=\"container\" data-e-type=\"container\" id=\"form-container\">\n\t\t\t\t\t<div class=\"e-con-inner\">\n\t\t\t\t<div class=\"elementor-element elementor-element-faea68a elementor-widget elementor-widget-wpforms\" data-id=\"faea68a\" data-element_type=\"widget\" data-e-type=\"widget\" data-widget_type=\"wpforms.default\">\n\t\t\t\t<div class=\"elementor-widget-container\">\n\t\t\t\t\t<div class=\"wpforms-container wpforms-container-full wpforms-render-modern\" id=\"wpforms-818\"><form id=\"wpforms-form-818\" class=\"wpforms-validate wpforms-form wpforms-ajax-form\" data-formid=\"818\" method=\"post\" enctype=\"multipart\/form-data\" action=\"\/en\/wp-json\/wp\/v2\/pages\/1131\" data-token=\"c3991f095b81822aba3ea00b1684330f\" data-token-time=\"1777208722\"><noscript class=\"wpforms-error-noscript\">Please enable JavaScript in your browser to complete this form.<\/noscript><div id=\"wpforms-error-noscript\" style=\"display: none;\">Please enable JavaScript in your browser to complete this form.<\/div><div class=\"wpforms-field-container\"><div id=\"wpforms-818-field_0-container\" class=\"wpforms-field wpforms-field-name contact-name\" data-field-id=\"0\"><fieldset><legend class=\"wpforms-field-label\">Nimi <span class=\"wpforms-required-label\" aria-hidden=\"true\">*<\/span><\/legend><div class=\"wpforms-field-row wpforms-field-medium\"><div class=\"wpforms-field-row-block wpforms-first wpforms-one-half\"><input type=\"text\" id=\"wpforms-818-field_0\" class=\"wpforms-field-name-first wpforms-field-required\" name=\"wpforms[fields][0][first]\" placeholder=\"Jane\" aria-errormessage=\"wpforms-818-field_0-error\" required><label for=\"wpforms-818-field_0\" class=\"wpforms-field-sublabel after wpforms-sublabel-hide\">First<\/label><\/div><div class=\"wpforms-field-row-block wpforms-one-half\"><input type=\"text\" id=\"wpforms-818-field_0-last\" class=\"wpforms-field-name-last wpforms-field-required\" name=\"wpforms[fields][0][last]\" placeholder=\"Doe\" aria-errormessage=\"wpforms-818-field_0-last-error\" required><label for=\"wpforms-818-field_0-last\" class=\"wpforms-field-sublabel after wpforms-sublabel-hide\">Last<\/label><\/div><\/div><\/fieldset><\/div><div id=\"wpforms-818-field_1-container\" class=\"wpforms-field wpforms-field-email contact-email\" data-field-id=\"1\"><label class=\"wpforms-field-label\" for=\"wpforms-818-field_1\">S\u00e4hk\u00f6posti <span class=\"wpforms-required-label\" aria-hidden=\"true\">*<\/span><\/label><input type=\"email\" id=\"wpforms-818-field_1\" class=\"wpforms-field-medium wpforms-field-required\" name=\"wpforms[fields][1]\" placeholder=\"esim. email@test.com\" spellcheck=\"false\" aria-errormessage=\"wpforms-818-field_1-error\" required><\/div><div id=\"wpforms-818-field_2-container\" class=\"wpforms-field wpforms-field-textarea contact-message\" data-field-id=\"2\"><label class=\"wpforms-field-label\" for=\"wpforms-818-field_2\">Viesti <span class=\"wpforms-required-label\" aria-hidden=\"true\">*<\/span><\/label><textarea id=\"wpforms-818-field_2\" class=\"wpforms-field-medium wpforms-field-required\" name=\"wpforms[fields][2]\" aria-errormessage=\"wpforms-818-field_2-error\" required><\/textarea><\/div><div id=\"wpforms-818-field_3-container\" class=\"wpforms-field wpforms-field-radio contact-radio-btn\" data-field-id=\"3\"><fieldset><legend class=\"wpforms-field-label\">Yhteydenotto koskee <span class=\"wpforms-required-label\" aria-hidden=\"true\">*<\/span><\/legend><ul id=\"wpforms-818-field_3\" class=\"wpforms-field-required\"><li class=\"choice-1 depth-1\"><input type=\"radio\" id=\"wpforms-818-field_3_1\" name=\"wpforms[fields][3]\" value=\"Artistibuukkausta\" aria-errormessage=\"wpforms-818-field_3_1-error\" required ><label class=\"wpforms-field-label-inline\" for=\"wpforms-818-field_3_1\">Artistibuukkausta<\/label><\/li><li class=\"choice-4 depth-1\"><input type=\"radio\" id=\"wpforms-818-field_3_4\" name=\"wpforms[fields][3]\" value=\"Sopimusta tai muuta yhteisty\u00f6t\u00e4\" aria-errormessage=\"wpforms-818-field_3_4-error\" required ><label class=\"wpforms-field-label-inline\" for=\"wpforms-818-field_3_4\">Sopimusta tai muuta yhteisty\u00f6t\u00e4<\/label><\/li><li class=\"choice-3 depth-1\"><input type=\"radio\" id=\"wpforms-818-field_3_3\" name=\"wpforms[fields][3]\" value=\"Lingonperry-alustaa\" aria-errormessage=\"wpforms-818-field_3_3-error\" required ><label class=\"wpforms-field-label-inline\" for=\"wpforms-818-field_3_3\">Lingonperry-alustaa<\/label><\/li><li class=\"choice-2 depth-1 wpforms-selected\"><input type=\"radio\" id=\"wpforms-818-field_3_2\" name=\"wpforms[fields][3]\" value=\"Muuta asiaa\" aria-errormessage=\"wpforms-818-field_3_2-error\" required  checked='checked'><label class=\"wpforms-field-label-inline\" for=\"wpforms-818-field_3_2\">Muuta asiaa<\/label><\/li><\/ul><\/fieldset><\/div><\/div><!-- .wpforms-field-container --><div class=\"wpforms-recaptcha-container wpforms-is-turnstile\" ><div class=\"wpforms-turnstile\" data-sitekey=\"0x4AAAAAAAEnoeoq8Vorceqi\" data-action=\"FormID-818\"><\/div><input type=\"text\" name=\"g-recaptcha-hidden\" class=\"wpforms-recaptcha-hidden\" style=\"position:absolute!important;clip:rect(0,0,0,0)!important;height:1px!important;width:1px!important;border:0!important;overflow:hidden!important;padding:0!important;margin:0!important;\" data-rule-turnstile=\"1\"><\/div><div class=\"wpforms-submit-container\" ><input type=\"hidden\" name=\"wpforms[id]\" value=\"818\"><input type=\"hidden\" name=\"page_title\" value=\"\"><input type=\"hidden\" name=\"page_url\" value=\"https:\/\/artxperience.net\/en\/wp-json\/wp\/v2\/pages\/1131\"><input type=\"hidden\" name=\"url_referer\" value=\"\"><button type=\"submit\" name=\"wpforms[submit]\" id=\"wpforms-submit-818\" class=\"wpforms-submit send-message\" data-alt-text=\"L\u00e4hetet\u00e4\u00e4n viesti\u00e4...\" data-submit-text=\"L\u00e4het\u00e4 viesti\" aria-live=\"assertive\" value=\"wpforms-submit\">L\u00e4het\u00e4 viesti<\/button><img decoding=\"async\" src=\"https:\/\/artxperience.net\/wp-content\/plugins\/wpforms-lite\/assets\/images\/submit-spin.svg\" class=\"wpforms-submit-spinner\" style=\"display: none;\" width=\"26\" height=\"26\" alt=\"Loading\"><\/div><\/form><\/div>  <!-- .wpforms-container -->\t\t\t\t<\/div>\n\t\t\t\t<\/div>\n\t\t\t\t\t<\/div>\n\t\t\t\t<\/div>\n\t\t\t\t<\/div>\n\t\t","protected":false},"excerpt":{"rendered":"<p>Ota yhteytt\u00e4 Please enable JavaScript in your browser to complete this form.Please enable JavaScript in your browser to complete this form. Nimi * FirstLast S\u00e4hk\u00f6posti *Viesti * Yhteydenotto koskee * Sopimus tai muu yhteisty\u00f6 Lingonperry -sovellusta Muu asia L\u00e4het\u00e4 viesti<\/p>","protected":false},"author":14,"featured_media":0,"parent":0,"menu_order":0,"comment_status":"closed","ping_status":"closed","template":"","meta":{"_acf_changed":false,"footnotes":""},"class_list":["post-1131","page","type-page","status-publish","hentry"],"acf":[],"aioseo_notices":[],"_links":{"self":[{"href":"https:\/\/artxperience.net\/en\/wp-json\/wp\/v2\/pages\/1131","targetHints":{"allow":["GET"]}}],"collection":[{"href":"https:\/\/artxperience.net\/en\/wp-json\/wp\/v2\/pages"}],"about":[{"href":"https:\/\/artxperience.net\/en\/wp-json\/wp\/v2\/types\/page"}],"author":[{"embeddable":true,"href":"https:\/\/artxperience.net\/en\/wp-json\/wp\/v2\/users\/14"}],"replies":[{"embeddable":true,"href":"https:\/\/artxperience.net\/en\/wp-json\/wp\/v2\/comments?post=1131"}],"version-history":[{"count":9,"href":"https:\/\/artxperience.net\/en\/wp-json\/wp\/v2\/pages\/1131\/revisions"}],"predecessor-version":[{"id":3531,"href":"https:\/\/artxperience.net\/en\/wp-json\/wp\/v2\/pages\/1131\/revisions\/3531"}],"wp:attachment":[{"href":"https:\/\/artxperience.net\/en\/wp-json\/wp\/v2\/media?parent=1131"}],"curies":[{"name":"wp","href":"https:\/\/api.w.org\/{rel}","templated":true}]}}